{"id":10626,"date":"2017-06-10T21:34:47","date_gmt":"2017-06-10T19:34:47","guid":{"rendered":"https:\/\/figest.it\/?page_id=10626"},"modified":"2026-03-09T20:23:40","modified_gmt":"2026-03-09T19:23:40","slug":"boccia-su-strada","status":"publish","type":"page","link":"https:\/\/bocciasustrada.figest.it\/?page_id=10626","title":{"rendered":"CHI SIAMO"},"content":{"rendered":"\n<p><\/p>\n\n\n\n<p><strong>DENOMINAZIONE: <\/strong>Boccia su Strada<\/p>\n\n\n\n<p><strong>ZONE IN CUI VIENE PRATICATO: <\/strong>In tutte le Regioni Italiane e vari stati Europei.<br><strong>TIPO DI GIOCO<\/strong>: gioco itinerante con bocce<br><strong>NUMERO DI GIOCATORI<\/strong>: quanti si vuole, ognuno per s\u00e9 oppure suddivisi in coppie o in squadre.<br><strong>MATERIALI DI GIOCO<\/strong>: una boccia per ciascun giocatore.<br><strong>TERRENO DI GIOCO:<\/strong> all&#8217;aperto su strada.<br><strong>OBIETTIVO:<\/strong> vince la partita che si aggiudica 5 giochi.<br><strong>ORIGINI<\/strong>: antiche.<\/p>\n\n\n\n<h3 class=\"wp-block-heading\"><strong><span style=\"color: #ff0000;\">Regole di gioco<\/span><\/strong><\/h3>\n\n\n\n<p><strong>1.<\/strong> La boccia alla lunga si svolge su strada con qualsiasi fondo.<br><strong>2.<\/strong> L&#8217;attrezzo, costituito da una boccia in ferro del peso medio non superiore ad un chilogrammo, viene lanciato con la mano senza l&#8217;ausilio di alcuna altra attrezzatura (guanti, cordicelle, cinghie o simili).<br><strong>3.<\/strong> Ogni giocatore deve disporre di una propria boccia e vince la partita il giocatore o la squadra che si aggiudica per primo 5 giochi;<br><strong>4. <\/strong>un gioco si compone di tre lanci e risulter\u00e0 vincitore chi avr\u00e0 percorso pi\u00f9 strada con la sua boccia;<br><strong>5.<\/strong> II primo lancio pu\u00f2 essere effettuato con rincorsa o da fermo senza toccare la linea di partenza.<br><strong>6.<\/strong> Nelle gare di singolo si tira a sorte chi deve lanciare per primo poi si prosegue alternativamente sino al termine dei tre lanci previsti per ogni gioco.<br><strong>7.<\/strong> Nelle gare a coppie o a squadre tutti i lanciatori eseguono un lancio ciascuno e viene prescelto come tiro valido quello pi\u00f9 lungo.<br><strong>8.<\/strong> In giocatore deve seguire il naturale snodarsi della strada senza tagliare le curve o alzare la boccia che deve sempre rotolare;<br><strong>9.<\/strong> Nel caso \u00abn cui in una gara in salita la boccia dopo il lancio toma indietro, il successivo lancio si effettuer\u00e0 comunque dal punto in cui la boccia stessa si \u00e8 fermata oppure dallo stesso segno del lancio precedente se questo \u00e8 stato superato;<br><strong>10.<\/strong> Le regole di gioco della boccia alla lunga sono simili a quelle del lancio del ruzzolone, della ruzzola e del formaggio adottando quelle regole secondo la predominanza nella zona.<\/p>\n","protected":false},"excerpt":{"rendered":"<p>DENOMINAZIONE: Boccia su Strada ZONE IN CUI VIENE PRATICATO: In tutte le Regioni Italiane e vari stati Europei.TIPO DI GIOCO: gioco itinerante con bocceNUMERO DI GIOCATORI: quanti si vuole, ognuno [&hellip;]<\/p>\n","protected":false},"author":2,"featured_media":10678,"parent":0,"menu_order":0,"comment_status":"closed","ping_status":"closed","template":"","meta":{"footnotes":""},"class_list":["post-10626","page","type-page","status-publish","has-post-thumbnail","hentry"],"_links":{"self":[{"href":"https:\/\/bocciasustrada.figest.it\/index.php?rest_route=\/wp\/v2\/pages\/10626","targetHints":{"allow":["GET"]}}],"collection":[{"href":"https:\/\/bocciasustrada.figest.it\/index.php?rest_route=\/wp\/v2\/pages"}],"about":[{"href":"https:\/\/bocciasustrada.figest.it\/index.php?rest_route=\/wp\/v2\/types\/page"}],"author":[{"embeddable":true,"href":"https:\/\/bocciasustrada.figest.it\/index.php?rest_route=\/wp\/v2\/users\/2"}],"replies":[{"embeddable":true,"href":"https:\/\/bocciasustrada.figest.it\/index.php?rest_route=%2Fwp%2Fv2%2Fcomments&post=10626"}],"version-history":[{"count":2,"href":"https:\/\/bocciasustrada.figest.it\/index.php?rest_route=\/wp\/v2\/pages\/10626\/revisions"}],"predecessor-version":[{"id":32895,"href":"https:\/\/bocciasustrada.figest.it\/index.php?rest_route=\/wp\/v2\/pages\/10626\/revisions\/32895"}],"wp:featuredmedia":[{"embeddable":true,"href":"https:\/\/bocciasustrada.figest.it\/index.php?rest_route=\/wp\/v2\/media\/10678"}],"wp:attachment":[{"href":"https:\/\/bocciasustrada.figest.it\/index.php?rest_route=%2Fwp%2Fv2%2Fmedia&parent=10626"}],"curies":[{"name":"wp","href":"https:\/\/api.w.org\/{rel}","templated":true}]}}