{"id":32969,"date":"2026-03-17T11:36:42","date_gmt":"2026-03-17T10:36:42","guid":{"rendered":"https:\/\/bocciasustrada.figest.it\/?page_id=32969"},"modified":"2026-03-18T21:03:52","modified_gmt":"2026-03-18T20:03:52","slug":"asd-abis","status":"publish","type":"page","link":"https:\/\/bocciasustrada.figest.it\/?page_id=32969","title":{"rendered":"ASD  ABIS FORMAZIONI CAT. &#8220;C&#8221;"},"content":{"rendered":"\n<div class=\"wp-block-columns is-layout-flex wp-container-core-columns-is-layout-28f84493 wp-block-columns-is-layout-flex\">\n<div class=\"wp-block-column is-layout-flow wp-block-column-is-layout-flow\"><\/div>\n\n\n\n<div class=\"wp-block-column is-layout-flow wp-block-column-is-layout-flow\"><\/div>\n\n\n\n<div class=\"wp-block-column is-layout-flow wp-block-column-is-layout-flow\"><\/div>\n<\/div>\n\n\n\n<div class=\"wp-block-columns is-layout-flex wp-container-core-columns-is-layout-28f84493 wp-block-columns-is-layout-flex\">\n<div class=\"wp-block-column is-layout-flow wp-block-column-is-layout-flow\">\n<figure class=\"wp-block-table is-style-stripes\" style=\"padding-right:0;padding-left:0\"><table class=\"has-vivid-green-cyan-background-color has-background\"><tbody><tr><td><\/td><td><strong>SQUADRA<\/strong> <strong>SENIGALLIA<\/strong> <strong>CAT. &#8220;C&#8221;<\/strong><\/td><td><\/td><td><\/td><\/tr><tr><td><\/td><td><\/td><td><\/td><td><\/td><\/tr><tr><td>1<\/td><td>FERRO ROBERTO<\/td><td><\/td><td>Over Capitano<\/td><\/tr><tr><td>2<\/td><td>MANONI CLAUDIO<\/td><td><\/td><td>Over Vice Cap&nbsp;<\/td><\/tr><tr><td>3<\/td><td>PAMBIANCHI DIEGO<\/td><td><\/td><td>tds &#8221; N &#8221; Giudice P.<\/td><\/tr><tr><td>4<\/td><td>FERRO GIANMARCO<\/td><td><\/td><td>tds &#8220;N&#8221;<\/td><\/tr><tr><td>5<\/td><td>BALDELLI&nbsp; MATTEO<\/td><td><\/td><td><\/td><\/tr><tr><td>6<\/td><td>MORONI RICCARDO<\/td><td><\/td><td><\/td><\/tr><tr><td>7<\/td><td>PIERMARIOLI MATTEO<\/td><td><\/td><td><\/td><\/tr><tr><td>8<\/td><td>SARTINI ALESSANDRO<\/td><td><\/td><td><\/td><\/tr><tr><td>9<\/td><td>SIMONETTI LUCA<\/td><td><\/td><td><\/td><\/tr><tr><td>9<\/td><td>BALDELLI GIOVANNI<\/td><td><\/td><td>Over<\/td><\/tr><tr><td>10<\/td><td>PAMBIANCHI GIANFRANCO<\/td><td><\/td><td>Over<\/td><\/tr><tr><td>11<\/td><td>PAMBIANCHI STEFANO<\/td><td><\/td><td>Over<\/td><\/tr><tr><td>12<\/td><td>PIERMARIOLI GIANNI<\/td><td><\/td><td>Over<\/td><\/tr><tr><td>13<\/td><td>RE SANDRO<\/td><td><\/td><td>Over<\/td><\/tr><tr><td>14<\/td><td>VENTURI FABRIZIO<\/td><td><\/td><td>Over<\/td><\/tr><tr><td>15<\/td><td>VICI GIANLUCA<\/td><td><\/td><td>Over<\/td><\/tr><tr><td>16<\/td><td>MAGINI FABIO<\/td><td><\/td><td>S.Sostenitore<\/td><\/tr><tr><td>17<\/td><td>VERDINI&nbsp; VITTORIO<\/td><td><\/td><td>S.Sostenitore<\/td><\/tr><tr><td><\/td><td><\/td><td><\/td><td><\/td><\/tr><tr><td><\/td><td><strong>Percorso di gioco :<\/strong><\/td><td><\/td><td><\/td><\/tr><tr><td><\/td><td>Strada Torre Campetto, Senigallia<\/td><td><\/td><td><\/td><\/tr><tr><td><\/td><td><strong>La Partenza :<\/strong><\/td><td><\/td><td><\/td><\/tr><tr><td><\/td><td>In prossimit\u00e0 del cimitero, segnata sull&#8217;asfalto con una lettera P.<\/td><td><\/td><td><\/td><\/tr><tr><td><\/td><td><strong>Eccezioni nel percorso :<\/strong><\/td><td><\/td><td><\/td><\/tr><tr><td><\/td><td>La lasciata e la prima battuta sono valide sull&#8217;asfalto Nel primo tiro della prima partita , riga sulla destra Nella terza partita, curva a destra, riga a sinistra, la boccia segna dove esce Nella quarta partita, curva a destra, riga a sinistra, la boccia segna dove esce, sia&nbsp; all&#8217;andata che al ritorno, \u00e8 inoltre vietata la portata<\/td><td><\/td><td><\/td><\/tr><tr><td><\/td><td><\/td><td><\/td><td><\/td><\/tr><\/tbody><\/table><\/figure>\n<\/div>\n\n\n\n<div class=\"wp-block-column is-layout-flow wp-block-column-is-layout-flow\">\n<figure class=\"wp-block-table is-style-stripes\"><table class=\"has-vivid-cyan-blue-background-color has-background\"><tbody><tr><td><\/td><td><strong>SQUADRA<\/strong> <strong>BOCCIA STERPETI<\/strong> <strong>CAT. &#8220;C&#8221; <\/strong><\/td><td><\/td><\/tr><tr><td><\/td><td><\/td><td><\/td><\/tr><tr><td>1<\/td><td>Busca&nbsp; Michele<\/td><td>Capitano<\/td><\/tr><tr><td>2<\/td><td>Giardini Ivan&nbsp;<\/td><td>Vicecapitano<\/td><\/tr><tr><td>3<\/td><td>Martino Luca<\/td><td>Giudice Percorso<\/td><\/tr><tr><td>4<\/td><td>Astolfi Luca<\/td><td><\/td><\/tr><tr><td>5<\/td><td>Rossetti Alessandro<\/td><td><\/td><\/tr><tr><td>6<\/td><td>Durazzi Alessandro<\/td><td><\/td><\/tr><tr><td>7<\/td><td>Pierpaoli Igor<\/td><td><\/td><\/tr><tr><td>8<\/td><td>Pedini Massimiliano<\/td><td><\/td><\/tr><tr><td>9<\/td><td>Paganelli Denis<\/td><td><\/td><\/tr><tr><td>10<\/td><td>Piersantini Mirco<\/td><td><\/td><\/tr><tr><td>11<\/td><td>Toccacieli Roberto<\/td><td><\/td><\/tr><tr><td>12<\/td><td>Valeri Diego<\/td><td><\/td><\/tr><tr><td>13<\/td><td>Balducci Daniele<\/td><td>Over<\/td><\/tr><tr><td>14<\/td><td>Rossetti Pietro<\/td><td>Over<\/td><\/tr><tr><td>15<\/td><td>Valeri Tommaso<\/td><td>Under<\/td><\/tr><tr><td>16<\/td><td>Fabbri&nbsp; Felipe<\/td><td>S.Sostenitore<\/td><\/tr><tr><td>17<\/td><td>Marconi&nbsp; Paolo<\/td><td>S.Sostenitore<\/td><\/tr><tr><td>18<\/td><td>Salaorni Massimo<\/td><td>S.Sostenitore<\/td><\/tr><tr><td><\/td><td><\/td><td><\/td><\/tr><tr><td><\/td><td><strong>Percorso di gioco<\/strong><\/td><td><\/td><\/tr><tr><td><\/td><td>Via Fontecasale &#8211; Sterpeti di Montefelcino<\/td><td><\/td><\/tr><tr><td><\/td><td><strong>Partenza&nbsp;<\/strong><\/td><td><\/td><\/tr><tr><td><\/td><td>Vicino il rivenditore di frutta e verdura, a circa duecento metri dall&#8217;incrocio con via flaminia<\/td><td><\/td><\/tr><tr><td><\/td><td><strong>Eccezioni nel percorso<\/strong>:&nbsp;<\/td><td><\/td><\/tr><tr><td><\/td><td>&#8211; La lasciata e la prima battuta del pallino \u00e8 valida sull\u2019asfalto .&nbsp; riga fuorigioco alla casa&nbsp; nc 2, da inizio curva a pozzetto riga fuorigioco in prossimit\u00e0 del lago, dalla pianta allo specchio, valevole sia all&#8217;andata&nbsp; che al ritorno casa gialla in prossimit\u00e0 del lago, la battuta \u00e8 buona sull&#8217;asfalto della strada curva dopo la dritta del lago, passo strada sterrata, la boccia segna dove esce, valevole solo all&#8217;andata sulla curva prima dei cestoni, riga di fuorigioco, valida anche al ritorno.<\/td><td><\/td><\/tr><tr><td><\/td><td><\/td><td><\/td><\/tr><\/tbody><\/table><\/figure>\n<\/div>\n\n\n\n<div class=\"wp-block-column is-layout-flow wp-block-column-is-layout-flow\">\n<figure class=\"wp-block-table is-style-stripes\"><table class=\"has-luminous-vivid-amber-background-color has-background\"><tbody><tr><td><\/td><td><strong>SQUADRA<\/strong> <strong>CERASA <\/strong> <strong>CAT. &#8220;C&#8221;<\/strong><\/td><td><\/td><\/tr><tr><td><\/td><td><\/td><td><\/td><\/tr><tr><td>1<\/td><td>MANDOLINI FABIO &nbsp;<\/td><td>Capitano<\/td><\/tr><tr><td>2<\/td><td>MANOTTA LUCA<\/td><td>vice Cap.<\/td><\/tr><tr><td>3<\/td><td>SBREGA ROBERTINO<\/td><td>Giudice Percorso<\/td><\/tr><tr><td>4<\/td><td>BIANCHI DIEGO<\/td><td><\/td><\/tr><tr><td>5<\/td><td>LEPRI ALESSANDRO<\/td><td><\/td><\/tr><tr><td>6<\/td><td>MANOTTA MATTEO<\/td><td><\/td><\/tr><tr><td>7<\/td><td>MARIOTTI&nbsp; SIMONE<\/td><td><\/td><\/tr><tr><td>8<\/td><td>SBREGA JONATHAN<\/td><td><\/td><\/tr><tr><td>9<\/td><td>SPADONI ANTONIO<\/td><td><\/td><\/tr><tr><td>10<\/td><td>TRAVAGLINI MATTIA<\/td><td><\/td><\/tr><tr><td>11<\/td><td>URBINATI NICOLA<\/td><td><\/td><\/tr><tr><td>12<\/td><td>URBINATI MATTIA<\/td><td><\/td><\/tr><tr><td>13<\/td><td>URBINATI ADRIANO<\/td><td>Over<\/td><\/tr><tr><td>14<\/td><td>FEDERICI GRAZIANO<\/td><td>Over<\/td><\/tr><tr><td><\/td><td><\/td><td><\/td><\/tr><tr><td><\/td><td><strong>Percorso di gioco :<\/strong><\/td><td><\/td><\/tr><tr><td><\/td><td>Via Dei Cipressi &#8211; San Costanzo ( tra Solfanuccio e Stacciola )<br>al bivio con croce si gira a sx<\/td><td><\/td><\/tr><tr><td><\/td><td><strong>La Partenza :<\/strong><\/td><td><\/td><\/tr><tr><td><\/td><td>In corrispondenza del cancello della prima casa dopo la croce<\/td><td><\/td><\/tr><tr><td><\/td><td><strong>Eccezioni nel percorso :<\/strong><\/td><td><\/td><\/tr><tr><td><\/td><td>In prossimit\u00e0 della partenza, in corrispondenza di una curva a destra, sulla sinistra c&#8217;\u00e8<br>la riga che va dalla croce in ferro ad una pianta di porcospino<\/td><td><\/td><\/tr><tr><td><\/td><td><\/td><td><\/td><\/tr><\/tbody><\/table><\/figure>\n<\/div>\n<\/div>\n\n\n\n<div class=\"wp-block-columns is-layout-flex wp-container-core-columns-is-layout-28f84493 wp-block-columns-is-layout-flex\">\n<div class=\"wp-block-column is-layout-flow wp-block-column-is-layout-flow\">\n<figure class=\"wp-block-table is-style-stripes\"><table class=\"has-electric-grass-gradient-background has-background\"><tbody><tr><td><\/td><td><strong>SQUADRA<\/strong>  <strong>BOTTEGA ,ACLI SAN SILVESTRO, LINEA VERDE<\/strong>  <strong>CAT. &#8220;C&#8221;<\/strong><\/td><td><\/td><\/tr><tr><td><\/td><td><\/td><td><\/td><\/tr><tr><td>1<\/td><td>CAPOTONDI FIORENZO<\/td><td>Over Capitano\u00a0\u00a0<\/td><\/tr><tr><td>2<\/td><td>IAFRANCESCO FRANCESCA<\/td><td>Donna Vice Cap.\u00a0<\/td><\/tr><tr><td>3<\/td><td>SALUCCI FLORIANO<\/td><td>Over Giudice P.\u00a0\u00a0<\/td><\/tr><tr><td>4<\/td><td>PAOLONI\u00a0 FRANCESCO<\/td><td><\/td><\/tr><tr><td>5<\/td><td>SARTINI DIEGO<\/td><td><\/td><\/tr><tr><td>6<\/td><td>BARTOLUCCI SIMONE<\/td><td><\/td><\/tr><tr><td>7<\/td><td>BARTOLUCCI\u00a0 ROBERTO<\/td><td><\/td><\/tr><tr><td>8<\/td><td>BOTTEGONI MASSIMILIANO<\/td><td><\/td><\/tr><tr><td>9<\/td><td>GIOMMI MASSIMO<\/td><td><\/td><\/tr><tr><td>10<\/td><td>AGOSTINI GIANFRANCO<\/td><td>Over<\/td><\/tr><tr><td>11<\/td><td>CICETTI NADIO<\/td><td>Over<\/td><\/tr><tr><td>12<\/td><td>CROSTELLI IVANO<\/td><td>Over<\/td><\/tr><tr><td>13<\/td><td>FABIANI\u00a0 ANDREA<\/td><td>Over<\/td><\/tr><tr><td>14<\/td><td>MORGANTI MARCELLO<\/td><td>Over<\/td><\/tr><tr><td>15<\/td><td>PAOLONI FIORENZO<\/td><td>Over<\/td><\/tr><tr><td>16<\/td><td>POGGIASPALLA EMILIO<\/td><td>Over<\/td><\/tr><tr><td>17<\/td><td>SALUCCI EPICARMO<\/td><td>Over<\/td><\/tr><tr><td>18<\/td><td>BOTTEGONI MICHELE<\/td><td>Under<\/td><\/tr><tr><td>19<\/td><td>BOTTEGONI FRANCESCO<\/td><td>Under<\/td><\/tr><tr><td>20<\/td><td>PAOLONI THIAGO<\/td><td>Under<\/td><\/tr><tr><td>21<\/td><td>GIOMMI NICOLAS<\/td><td>Mini Under<\/td><\/tr><tr><td><\/td><td><strong>Percorso di gioco :<\/strong><\/td><td><\/td><\/tr><tr><td><\/td><td>&#8220;Strada Cavallo Montirone&#8221; localita Bettolelle Senigallia<\/td><td><\/td><\/tr><tr><td><\/td><td><strong>La Partenza :<\/strong><\/td><td><\/td><\/tr><tr><td><\/td><td>A 100 mt dall&#8217;inizio della Strada Cavallo Montirone segnato da una riga rossa<\/td><td><\/td><\/tr><tr><td><\/td><td><strong>Eccezioni nel percorso :<\/strong><\/td><td><\/td><\/tr><tr><td><\/td><td>La lasciata e la prima battuta \u00e8 da considerarsi buona nell&#8217;asfalto<br>nel 2 tiro della prima partita riga esterna<br>Alla fine della terza partita non si puo&#8217; portare , casa con bombolone del gas<\/td><td><\/td><\/tr><tr><td><\/td><td><\/td><td><\/td><\/tr><\/tbody><\/table><\/figure>\n<\/div>\n\n\n\n<div class=\"wp-block-column is-layout-flow wp-block-column-is-layout-flow\"><\/div>\n\n\n\n<div class=\"wp-block-column is-layout-flow wp-block-column-is-layout-flow\"><\/div>\n<\/div>\n","protected":false},"excerpt":{"rendered":"<p>SQUADRA SENIGALLIA CAT. &#8220;C&#8221; 1 FERRO ROBERTO Over Capitano 2 MANONI CLAUDIO Over Vice Cap&nbsp; 3 PAMBIANCHI DIEGO tds &#8221; N &#8221; Giudice P. 4 FERRO GIANMARCO tds &#8220;N&#8221; 5 [&hellip;]<\/p>\n","protected":false},"author":2,"featured_media":0,"parent":0,"menu_order":0,"comment_status":"closed","ping_status":"closed","template":"","meta":{"footnotes":""},"class_list":["post-32969","page","type-page","status-publish","hentry"],"_links":{"self":[{"href":"https:\/\/bocciasustrada.figest.it\/index.php?rest_route=\/wp\/v2\/pages\/32969","targetHints":{"allow":["GET"]}}],"collection":[{"href":"https:\/\/bocciasustrada.figest.it\/index.php?rest_route=\/wp\/v2\/pages"}],"about":[{"href":"https:\/\/bocciasustrada.figest.it\/index.php?rest_route=\/wp\/v2\/types\/page"}],"author":[{"embeddable":true,"href":"https:\/\/bocciasustrada.figest.it\/index.php?rest_route=\/wp\/v2\/users\/2"}],"replies":[{"embeddable":true,"href":"https:\/\/bocciasustrada.figest.it\/index.php?rest_route=%2Fwp%2Fv2%2Fcomments&post=32969"}],"version-history":[{"count":44,"href":"https:\/\/bocciasustrada.figest.it\/index.php?rest_route=\/wp\/v2\/pages\/32969\/revisions"}],"predecessor-version":[{"id":33042,"href":"https:\/\/bocciasustrada.figest.it\/index.php?rest_route=\/wp\/v2\/pages\/32969\/revisions\/33042"}],"wp:attachment":[{"href":"https:\/\/bocciasustrada.figest.it\/index.php?rest_route=%2Fwp%2Fv2%2Fmedia&parent=32969"}],"curies":[{"name":"wp","href":"https:\/\/api.w.org\/{rel}","templated":true}]}}