{"id":33043,"date":"2026-03-19T11:14:13","date_gmt":"2026-03-19T10:14:13","guid":{"rendered":"https:\/\/bocciasustrada.figest.it\/?page_id=33043"},"modified":"2026-03-19T21:26:40","modified_gmt":"2026-03-19T20:26:40","slug":"abis-formazioni-cat-a","status":"publish","type":"page","link":"https:\/\/bocciasustrada.figest.it\/?page_id=33043","title":{"rendered":"ABIS FORMAZIONI CAT. &#8220;A&#8221;"},"content":{"rendered":"\n<div class=\"wp-block-columns is-layout-flex wp-container-core-columns-is-layout-28f84493 wp-block-columns-is-layout-flex\">\n<div class=\"wp-block-column is-layout-flow wp-block-column-is-layout-flow\">\n<figure class=\"wp-block-table is-style-stripes\"><table class=\"has-vivid-green-cyan-background-color has-background\"><tbody><tr><td><\/td><td><strong>SQUADRA BARCHI GIOVANI CAT. &#8220;A&#8221; <\/strong><\/td><td><\/td><\/tr><tr><td><\/td><td><\/td><td><\/td><\/tr><tr><td>1<\/td><td>BACCHIOCCHI&nbsp; CESARE<\/td><td>tds &#8221; N &#8221; Capitano<\/td><\/tr><tr><td>2<\/td><td>RICCIARDELLI CRISTIAN<\/td><td>Vice Cap.<\/td><\/tr><tr><td>3<\/td><td>CONTI DAVIDE<\/td><td>Giudice P.<\/td><\/tr><tr><td>4<\/td><td>MOSCHINI THOMAS<\/td><td>tds &#8221; T &#8220;<\/td><\/tr><tr><td>5<\/td><td>SABATINI UMBERTO<\/td><td>tds &#8221; N &#8220;<\/td><\/tr><tr><td>6<\/td><td>SEVERINI NICOLA<\/td><td>tds &#8221; N &#8220;<\/td><\/tr><tr><td>7<\/td><td>AMADORI MATTIA<\/td><td><\/td><\/tr><tr><td>8<\/td><td>MENCUCCI&nbsp; GIANLUCA<\/td><td><\/td><\/tr><tr><td>9<\/td><td>MIUCCI SAVINO<\/td><td><\/td><\/tr><tr><td>10<\/td><td>SABATINI DINO<\/td><td><\/td><\/tr><tr><td>11<\/td><td>GABBIANELLI ATTILIO<\/td><td>Over<\/td><\/tr><tr><td><\/td><td>     <strong>Percorso di gioco :<\/strong><\/td><td><\/td><\/tr><tr><td><\/td><td>Strada Campioli ,sulla destra 1km prima del paese di Barchi direzione Orciano<\/td><td><\/td><\/tr><tr><td><\/td><td>    <strong>La Partenza :<\/strong><\/td><td><\/td><\/tr><tr><td><\/td><td>&nbsp;prima del ponticello , segnata sulla strada<\/td><td><\/td><\/tr><tr><td><\/td><td>       <strong>Eccezioni nel percorso :<\/strong><\/td><td><\/td><\/tr><tr><td><\/td><td><strong>1<\/strong>) nel 1\u00b0 e nel 2\u00b0 tiro della 1\u00b0 partita ,la boccia che esce segna sulla riga indicata all&#8217; esterno della curva 2) nel primo tiro \u00e8 vietata la portata 3) nel1\u00b0 tiro della 3\u00b0 partita ( curva sx casa Mantoni ) , la boccia che esce segna sulla riga&nbsp; indicata all&#8217;esterno della curva, nella medesima curva non si puo&#8217; portare 4) nel 3\u00b0tiro della terza partita ( curva dx in cima alla salita ) la boccia segna dove esce 5) indicativamente nel secondo tiro dell&#8217;ultima partita, in cima alla salita , nella curva a sin. \u00e8 presente una riga , il pallino segna dove esce, non \u00e8 permessa la portata.<\/td><td><\/td><\/tr><tr><td><\/td><td><\/td><td><\/td><\/tr><\/tbody><\/table><\/figure>\n<\/div>\n\n\n\n<div class=\"wp-block-column is-layout-flow wp-block-column-is-layout-flow\">\n<figure class=\"wp-block-table is-style-stripes\"><table class=\"has-luminous-vivid-amber-background-color has-background\"><tbody><tr><td><\/td><td><strong>SQUADRA AUTOTRASPORTI FARRIS CAT. &#8220;A&#8221; <\/strong><\/td><td><\/td><\/tr><tr><td><\/td><td><\/td><td><\/td><\/tr><tr><td>1<\/td><td>CARLONI DANIELE<\/td><td>Capitano<\/td><\/tr><tr><td>2<\/td><td>BRUNETTI LUCA<\/td><td>tds &#8220;T&#8221; Vice Cap.<\/td><\/tr><tr><td>3<\/td><td>CARLONI SAMUELE<\/td><td>Giudice P.<\/td><\/tr><tr><td>4<\/td><td>BERGAMOTTI DAVIDE<\/td><td>tds &#8221; N &#8220;<\/td><\/tr><tr><td>5<\/td><td>FARRIS ANDREA<\/td><td>tds &#8220;N &#8220;<\/td><\/tr><tr><td>6<\/td><td>ROSELLI MATTIA<\/td><td>tds &#8221; N &#8220;<\/td><\/tr><tr><td>7<\/td><td>FERRETTI WALTER<\/td><td><\/td><\/tr><tr><td>8<\/td><td>MENCARELLI MICHELE<\/td><td><\/td><\/tr><tr><td>9<\/td><td>ROSELLI MASSIMO<\/td><td><\/td><\/tr><tr><td>10<\/td><td>STRENGA&nbsp; DANTE<\/td><td><\/td><\/tr><tr><td>11<\/td><td>BERGAMOTTI SAVIO<\/td><td>Over<\/td><\/tr><tr><td>12<\/td><td>BRUNETTI FAUSTO<\/td><td>Over&nbsp;<\/td><\/tr><tr><td>13<\/td><td>BRUNETTI CRISTIANO<\/td><td>Under<\/td><\/tr><tr><td>14<\/td><td>BRUNETTI ELIA<\/td><td>Under<\/td><\/tr><tr><td>15<\/td><td>CARLONI MATILDE<\/td><td>Under\/ Donna<\/td><\/tr><tr><td><\/td><td>      <strong>Percorso di gioco :<\/strong><\/td><td><\/td><\/tr><tr><td><\/td><td>Strada Provinciale 57\/139 Montefelcino-Fontecorniale<\/td><td><\/td><\/tr><tr><td><\/td><td>       <strong>La Partenza :<\/strong><\/td><td><\/td><\/tr><tr><td><\/td><td>Alla fine del ponte<\/td><td><\/td><\/tr><tr><td><\/td><td>       <strong>Eccezioni nel percorso :<\/strong><\/td><td><\/td><\/tr><tr><td><\/td><td>La battuta \u00e8 valida sull&#8217;asfalto. Al secondo tiro riga esterna Al primo incrocio &#8220;scorciatoia per Monteguiduccio&#8221; riga esterna Passo privato &#8220;casa Boccarossa&#8221;riga esterna&nbsp; Preso la curva con la croce le bocce vengono segnate facendo riferimento ad un paletto metallico colorato, ben visibile, posto nel campo a destra,&nbsp; corrispondente al centro della curva , prima dell&#8217;esecuzione del lancio. Tale regola sar\u00e0 da utilizzarsi solo all&#8217;interno della curva contrassegnata da un punto di inizio ed un punto di fine.<\/td><td><\/td><\/tr><tr><td><\/td><td><\/td><td><\/td><\/tr><\/tbody><\/table><\/figure>\n<\/div>\n\n\n\n<div class=\"wp-block-column is-layout-flow wp-block-column-is-layout-flow\">\n<figure class=\"wp-block-table is-style-stripes\"><table class=\"has-pale-cyan-blue-background-color has-background\"><tbody><tr><td><\/td><td><strong>SQUADRA  BARCHI &#8211; VERGINETO<\/strong>  <strong>CAT. &#8220;A&#8221;<\/strong><br><\/td><td><\/td><\/tr><tr><td><\/td><td><\/td><td><\/td><\/tr><tr><td>1<\/td><td>MONTANARI MICHELE<\/td><td>tds &#8221; N &#8221; Capitano<\/td><\/tr><tr><td>2<\/td><td>MANCINELLI SIMONE<\/td><td>Vice Capitano<\/td><\/tr><tr><td>3<\/td><td>SUBISSATI EMANUELE<\/td><td>tds &#8220;T&#8221; Giudice P.<\/td><\/tr><tr><td>4<\/td><td>YASSINE BELKAID<\/td><td><\/td><\/tr><tr><td>5<\/td><td>PASCUCCI LORENZO<\/td><td>tds &#8221; N &#8220;<\/td><\/tr><tr><td>6<\/td><td>LOBUE SALVATORE<\/td><td><\/td><\/tr><tr><td>7<\/td><td>POMPILI MASSIMO<\/td><td><\/td><\/tr><tr><td>8<\/td><td>SAUDELLI MATTEO<\/td><td><\/td><\/tr><tr><td>9<\/td><td>BIGINI GIANFRANCO<\/td><td>Over<\/td><\/tr><tr><td>10<\/td><td>SUBISSATI ETTORE<\/td><td>Over<\/td><\/tr><tr><td>11<\/td><td>BIGINI DAVIDE<\/td><td>Mini Under<\/td><\/tr><tr><td><\/td><td>      <strong>Percorso di gioco :<\/strong><\/td><td><\/td><\/tr><tr><td><\/td><td>Strada &#8220;via Giardino Campioli&#8221; attraversante la zona Campioli<br>Barchi comune di Terre Roveresche<\/td><td><\/td><\/tr><tr><td><\/td><td>      <strong>La Partenza :<\/strong><\/td><td><\/td><\/tr><tr><td><\/td><td>&nbsp;prima del ponticello&nbsp; segnata sulla strada<\/td><td><\/td><\/tr><tr><td><\/td><td>    <strong>Eccezioni nel percorso :<\/strong><\/td><td><\/td><\/tr><tr><td><\/td><td>1) nel 1\u00b0 e nel 2\u00b0 tiro della 1\u00b0 partita ,la boccia che esce segna sulla riga indicata all&#8217; esterno della curva, nel primo tiro della prima partita \u00e8 vietata la portata 2) nel1\u00b0 tiro della 3\u00b0 partita ( curva sx casa Mantoni ) , la boccia che esce entro i punti&nbsp; di delimitazione indicati, viene segnata con punto fisso ( pianta segnata), nella medesima&nbsp; curva non si puo&#8217; portare 3) nel 3\u00b0tiro della terza partita ( curva dx in cima alla salita ) la boccia che esce segna sulla riga indicata all&#8217;esterno della curva 4) nel 2\u00b0 tiro dell&#8217; 8\u00b0 partita ( curva sx direzione Torre San Marco ) la boccia&nbsp; che esce segna sulla riga indicata all&#8217;esterno della curva , nella medesima curva non si puo&#8217; portare<\/td><td><\/td><\/tr><tr><td><\/td><td><\/td><td><\/td><\/tr><\/tbody><\/table><\/figure>\n<\/div>\n<\/div>\n\n\n\n<div class=\"wp-block-columns is-layout-flex wp-container-core-columns-is-layout-28f84493 wp-block-columns-is-layout-flex\">\n<div class=\"wp-block-column is-layout-flow wp-block-column-is-layout-flow\">\n<figure class=\"wp-block-table is-style-stripes\"><table class=\"has-pale-pink-background-color has-background\"><tbody><tr><td><\/td><td><strong>SQUADRA  MONTECICCARDO<\/strong>  <strong>CAT. &#8220;A&#8221;<\/strong><\/td><td><\/td><\/tr><tr><td><\/td><td><\/td><td><\/td><\/tr><tr><td>1<\/td><td>BONAZZOLI NICOLA<\/td><td>tds&#8221;N&#8221; Capitano<\/td><\/tr><tr><td>2<\/td><td>UGOCCIONI MICHELE<\/td><td>tds &#8220;T&#8221; Vice Cap.<\/td><\/tr><tr><td>3<\/td><td>MICHELI MATTEO<\/td><td>tds &#8220;T&#8221; Giudice P.<\/td><\/tr><tr><td>4<\/td><td>POLVERARI MIRCO<\/td><td>tds &#8221; N &#8220;<\/td><\/tr><tr><td>5<\/td><td>MATTEUCCI LUCA<\/td><td><\/td><\/tr><tr><td>6<\/td><td>MATTEUCCI ENRICO<\/td><td><\/td><\/tr><tr><td>7<\/td><td>MATTEUCCI ANDREA<\/td><td><\/td><\/tr><tr><td>8<\/td><td>SIGILLI MARCO<\/td><td><\/td><\/tr><tr><td>9<\/td><td>SIMONCELLI MIRCO<\/td><td><\/td><\/tr><tr><td>10<\/td><td>SIMONCELLI&nbsp; IVAN<\/td><td><\/td><\/tr><tr><td>11<\/td><td>TARINI ISAIA<\/td><td><\/td><\/tr><tr><td>12<\/td><td>VITALI GIULIANO<\/td><td>Over<\/td><\/tr><tr><td>13<\/td><td>ESPOSTO DALMAZIO<\/td><td>Over<\/td><\/tr><tr><td>14<\/td><td>SIGILLI ALBERTO<\/td><td>Mini&nbsp; under<\/td><\/tr><tr><td>15<\/td><td>MANCINI MATTIA<\/td><td>Promozionale<\/td><\/tr><tr><td><\/td><td>               <strong>Percorso di gioco :<\/strong><\/td><td><\/td><\/tr><tr><td><\/td><td>Via Bevano (Mombaroccio ) e via Turlo a sinistra<\/td><td><\/td><\/tr><tr><td><\/td><td>                <strong>La Partenza :<\/strong><\/td><td><\/td><\/tr><tr><td><\/td><td>In via Bevano in una semicurva ( vicino \u00e8 presente una casa e un incrocio)<\/td><td><\/td><\/tr><tr><td><\/td><td>         <strong>Eccezioni nel percorso :<\/strong><\/td><td><\/td><\/tr><tr><td><\/td><td>Su strada bianca la prima battuta della boccia \u00e8 valida anche la cunetta mentre,<br>su strada asfaltata \u00e8 valida la prima battuta sull&#8217;asfalto.<br>All&#8217;incrocio con via Turlo \u00e8 presente una riga, la boccia segna dove esce.<br>Alla fine della terza partita, circa, riga di fuorigioco a sinistra, inizia dal paletto<br>prima della casa e termina dopo il passo prima della pianta tagliata.<\/td><td><\/td><\/tr><tr><td><\/td><td><\/td><td><\/td><\/tr><\/tbody><\/table><\/figure>\n<\/div>\n\n\n\n<div class=\"wp-block-column is-layout-flow wp-block-column-is-layout-flow\">\n<figure class=\"wp-block-table is-style-stripes\"><table class=\"has-electric-grass-gradient-background has-background\"><tbody><tr><td><\/td><td><strong>SQUADRA  POZZUOLO<\/strong>  <strong>CAT. &#8220;A&#8221;<\/strong><\/td><td><\/td><\/tr><tr><td><\/td><td><\/td><td><\/td><\/tr><tr><td>1<\/td><td>RULLI MARIO<\/td><td>Over Capitano<\/td><\/tr><tr><td>2<\/td><td>GIACCI NICOLA<\/td><td>tds &#8221; N &#8221; Vice cap.<\/td><\/tr><tr><td>3<\/td><td>MURATORI FEDERICO<\/td><td>Giudice P.<\/td><\/tr><tr><td>4<\/td><td>ANSELMI ALESSIO<\/td><td>tds &#8221; N &#8220;<\/td><\/tr><tr><td>5<\/td><td>GUIDI GIOVANNI<\/td><td>tds &#8220;T&#8221;<\/td><\/tr><tr><td>6<\/td><td>ZAGAGNOLI DAVIDE<\/td><td>tds &#8221; N &#8220;<\/td><\/tr><tr><td>7<\/td><td>SARTINI NICOLA<\/td><td><\/td><\/tr><tr><td>8<\/td><td>GALLI IVAN<\/td><td><\/td><\/tr><tr><td>9<\/td><td>DIOTALEVI&nbsp; FRANCESCO<\/td><td><\/td><\/tr><tr><td>10<\/td><td>DONATI SAMUELE<\/td><td><\/td><\/tr><tr><td>11<\/td><td>PETRONI GUERRINO<\/td><td>Over<\/td><\/tr><tr><td>12<\/td><td>PIERINI STEFANO<\/td><td>Over<\/td><\/tr><tr><td>13<\/td><td>PICCIOLI KEVIN<\/td><td>Under<\/td><\/tr><tr><td><\/td><td>         <strong>Percorso di gioco :<\/strong><\/td><td><\/td><\/tr><tr><td><\/td><td>Via San Francesco In Rovereto ( Tavernelle )<\/td><td><\/td><\/tr><tr><td><\/td><td>               <strong>La Partenza :<\/strong><\/td><td><\/td><\/tr><tr><td><\/td><td>A pochi metri da via Flaminia, segnata sull&#8217;asfalto<\/td><td><\/td><\/tr><tr><td><\/td><td>           <strong>Eccezioni nel percorso :<\/strong><\/td><td><\/td><\/tr><tr><td><\/td><td>Per la battuta del pallino \u00e8 da considerarsi buona anche la cunetta.<br>Nel primo tiro riga di fuorigioco a destra, dalla fine della staccionata al palo del telefono,<br>le bocce segnano dove escono dall&#8217;asfalto. Sempre nel primo tiro le bocce che finiscono<br>nel secondo passo a sinistra, segnano alla fine del passo stesso, in corrispondenza<br>dell&#8217;inizio della recinzione.<br>Nel terzo tiro della prima partita viene messo un pannello di legno<br>a protezione della casa che funge da ostacolo.<br>All&#8217;incrocio con Via Monticelli ( terza partita ) tratto con riga sulla destra.<br>All&#8217;incrocio successivo, nel secondo tiro della quarta partita, tratto con riga sulla sinistra.<\/td><td><\/td><\/tr><tr><td><\/td><td><\/td><td><\/td><\/tr><\/tbody><\/table><\/figure>\n<\/div>\n<\/div>\n","protected":false},"excerpt":{"rendered":"<p>SQUADRA BARCHI GIOVANI CAT. &#8220;A&#8221; 1 BACCHIOCCHI&nbsp; CESARE tds &#8221; N &#8221; Capitano 2 RICCIARDELLI CRISTIAN Vice Cap. 3 CONTI DAVIDE Giudice P. 4 MOSCHINI THOMAS tds &#8221; T &#8220; [&hellip;]<\/p>\n","protected":false},"author":2,"featured_media":33060,"parent":0,"menu_order":0,"comment_status":"closed","ping_status":"closed","template":"","meta":{"footnotes":""},"class_list":["post-33043","page","type-page","status-publish","has-post-thumbnail","hentry"],"_links":{"self":[{"href":"https:\/\/bocciasustrada.figest.it\/index.php?rest_route=\/wp\/v2\/pages\/33043","targetHints":{"allow":["GET"]}}],"collection":[{"href":"https:\/\/bocciasustrada.figest.it\/index.php?rest_route=\/wp\/v2\/pages"}],"about":[{"href":"https:\/\/bocciasustrada.figest.it\/index.php?rest_route=\/wp\/v2\/types\/page"}],"author":[{"embeddable":true,"href":"https:\/\/bocciasustrada.figest.it\/index.php?rest_route=\/wp\/v2\/users\/2"}],"replies":[{"embeddable":true,"href":"https:\/\/bocciasustrada.figest.it\/index.php?rest_route=%2Fwp%2Fv2%2Fcomments&post=33043"}],"version-history":[{"count":15,"href":"https:\/\/bocciasustrada.figest.it\/index.php?rest_route=\/wp\/v2\/pages\/33043\/revisions"}],"predecessor-version":[{"id":33075,"href":"https:\/\/bocciasustrada.figest.it\/index.php?rest_route=\/wp\/v2\/pages\/33043\/revisions\/33075"}],"wp:featuredmedia":[{"embeddable":true,"href":"https:\/\/bocciasustrada.figest.it\/index.php?rest_route=\/wp\/v2\/media\/33060"}],"wp:attachment":[{"href":"https:\/\/bocciasustrada.figest.it\/index.php?rest_route=%2Fwp%2Fv2%2Fmedia&parent=33043"}],"curies":[{"name":"wp","href":"https:\/\/api.w.org\/{rel}","templated":true}]}}