{"id":33076,"date":"2026-03-21T21:36:59","date_gmt":"2026-03-21T20:36:59","guid":{"rendered":"https:\/\/bocciasustrada.figest.it\/?page_id=33076"},"modified":"2026-03-21T21:54:44","modified_gmt":"2026-03-21T20:54:44","slug":"formazioni-asd-lubacaria-cat-a","status":"publish","type":"page","link":"https:\/\/bocciasustrada.figest.it\/?page_id=33076","title":{"rendered":"FORMAZIONI ASD LUBACARIA CAT &#8220;A&#8221;"},"content":{"rendered":"\n<div class=\"wp-block-columns is-layout-flex wp-container-core-columns-is-layout-28f84493 wp-block-columns-is-layout-flex\">\n<div class=\"wp-block-column is-layout-flow wp-block-column-is-layout-flow\">\n<figure class=\"wp-block-table is-style-stripes\"><table class=\"has-luminous-vivid-amber-background-color has-background\"><tbody><tr><td><\/td><td><strong>SQUADRA  IRONTECH PIAGGE CAT &#8220;A&#8221;<\/strong><\/td><td><\/td><\/tr><tr><td><\/td><td><\/td><td><\/td><\/tr><tr><td>1<\/td><td>FORMICA THOMAS<\/td><td>Capitano<\/td><\/tr><tr><td>2<\/td><td>CINOTTI FEDERICO<\/td><td>Vice Capitano<\/td><\/tr><tr><td>3<\/td><td>MAGI FLAVIA<\/td><td>Giudice P.<\/td><\/tr><tr><td>4<\/td><td>DI MARCO DAVIDE<\/td><td>tds &#8221; N &#8220;<\/td><\/tr><tr><td>5<\/td><td>ALTEA EMANUELE<\/td><td>tds &#8221; N &#8220;<\/td><\/tr><tr><td>6<\/td><td>MARCONI VALERIO<\/td><td>tds &#8220;T&#8221;<\/td><\/tr><tr><td>7<\/td><td>BRANCHINI\u00a0 MICHELE<\/td><td><\/td><\/tr><tr><td>8<\/td><td>GIOVANNELLI GIANLUCA<\/td><td><\/td><\/tr><tr><td>9<\/td><td>MELUCCI ALESSANDRO<\/td><td><\/td><\/tr><tr><td>10<\/td><td>MENCARELLI ANDREA<\/td><td><\/td><\/tr><tr><td>11<\/td><td>POLVERARI ANDREA<\/td><td><\/td><\/tr><tr><td>12<\/td><td>CANESTRARI FRANCO<\/td><td>Over<\/td><\/tr><tr><td>13<\/td><td>FORMICA GIUSEPPE<\/td><td>Over<\/td><\/tr><tr><td>14<\/td><td>ARTIBANI LAURA<\/td><td>Donna<\/td><\/tr><tr><td>15<\/td><td>FORMICA SIMONE<\/td><td>Under<\/td><\/tr><tr><td>16<\/td><td>CIOTTI ALESSIO<\/td><td>Mini Under<\/td><\/tr><tr><td>17<\/td><td>MENCARELLI RAOUL<\/td><td>Mini Under<\/td><\/tr><tr><td>18<\/td><td>FORMICA DEBORAH<\/td><td>Mini Under D<\/td><\/tr><tr><td>19<\/td><td>CINOTTI FRANCESCO<\/td><td>Under<\/td><\/tr><tr><td>20<\/td><td>VALENTINI\u00a0 GIOVANNI<\/td><td>Promozinale<\/td><\/tr><tr><td><\/td><td><\/td><td><\/td><\/tr><tr><td><\/td><td>          <strong>Percorso di gioco :<\/strong><\/td><td><\/td><\/tr><tr><td><\/td><td>Strada Vencareto &#8211; San Costanzo<\/td><td><\/td><\/tr><tr><td><\/td><td>              <strong>La Partenza :<\/strong><\/td><td><\/td><\/tr><tr><td><\/td><td>Il percorso inizia circa due tiri nella strada bianca e prosegue in direzione San Costanzo.\u00a0 che coincide con la fine di una fratta<\/td><td><\/td><\/tr><tr><td><\/td><td>       <strong>  Eccezioni nel percorso :<\/strong><\/td><td><\/td><\/tr><tr><td><\/td><td>Lungo tutto il percorso asfaltato \u00e8 buona in prima battuta solo l&#8217;asfalto; nella strada bianca a fondo ghiaioso,\u00e8 buona anche la cunetta. La prima riga si trova al bivio per Spicello e delimita la strada del percorso di gioco, dal segnale \u00a0stradale al pozzetto , valida sia all&#8217;andata che al ritorno Nei pressi del centro abitato, vi \u00e8 una riga al civico 1ed \u00e8 valida solo in discesa, segue tutto il perimetro partendo dal grande albero fino alla fine della siepe<\/td><td><\/td><\/tr><tr><td><\/td><td><\/td><td><\/td><\/tr><\/tbody><\/table><\/figure>\n<\/div>\n\n\n\n<div class=\"wp-block-column is-layout-flow wp-block-column-is-layout-flow\">\n<figure class=\"wp-block-table is-style-stripes\"><table class=\"has-vivid-green-cyan-background-color has-background\"><tbody><tr><td><\/td><td><strong>SQUADRA  MACELLERIA NARDI PIAGGE CAT &#8220;A&#8221;<\/strong><\/td><td><\/td><\/tr><tr><td><\/td><td><\/td><td><\/td><\/tr><tr><td>1<\/td><td>POLVERARI SIMONE<\/td><td>tds &#8221; N &#8221; Capitano<\/td><\/tr><tr><td>2<\/td><td>MINARDI ALESSANDRO<\/td><td>Vice Capitano<\/td><\/tr><tr><td>3<\/td><td>ANNIBALLI MASSIMO<\/td><td>Giudice P.<\/td><\/tr><tr><td>4<\/td><td>ALTEA NICOLO&#8217;<\/td><td>tds &#8221; T &#8220;<\/td><\/tr><tr><td>5<\/td><td>BETTINI MATTIA<\/td><td>tds &#8220;T&#8221;\u00a0 <\/td><\/tr><tr><td>6<\/td><td>POMPILI ANDREA<\/td><td>tds &#8220;N &#8220;<\/td><\/tr><tr><td>7<\/td><td>BOIANI\u00a0 ANDREA<\/td><td><\/td><\/tr><tr><td>8<\/td><td>BORGOGELLI ALEX<\/td><td><\/td><\/tr><tr><td>9<\/td><td>GORI CHRISTIAN<\/td><td><\/td><\/tr><tr><td>10<\/td><td>SPERANZINI LUCA<\/td><td><\/td><\/tr><tr><td>11<\/td><td>BOIANI ADELE<\/td><td>Donna<\/td><\/tr><tr><td>12<\/td><td>MORAZZINI FEDERICA<\/td><td>Donna<\/td><\/tr><tr><td>13<\/td><td>NARDI NICOLA<\/td><td>S.Sostenitore\/ Presidente<\/td><\/tr><tr><td>14<\/td><td>BOIANI FRANCESCO<\/td><td>Over<\/td><\/tr><tr><td>15<\/td><td>GORI THOMAS<\/td><td>Under<\/td><\/tr><tr><td>16<\/td><td>POLVERARI ALESANDRO MARIA <\/td><td>Mini Under<\/td><\/tr><tr><td>17<\/td><td>SPERANZINI GIOVANNI<\/td><td>Mini Under<\/td><\/tr><tr><td>18<\/td><td>CRUCINI MICHELE<\/td><td>Promozinale<\/td><\/tr><tr><td><\/td><td><\/td><td><\/td><\/tr><tr><td><\/td><td>         <strong>Percorso di gioco :<\/strong><\/td><td><\/td><\/tr><tr><td><\/td><td>Via S.Angelo loc.Feriano Fano 61032 ( PU)<\/td><td><\/td><\/tr><tr><td><\/td><td>               <strong>La Partenza :<\/strong><\/td><td><\/td><\/tr><tr><td><\/td><td>Dal bar da Bigo di Cerbara si prosegue per 2.5 km costeggiando il canale<br>Arrivati in cima alla salita trovando l&#8217;incrocio,svoltando a sinistra,\u00e8 a circa<br>2,00 km in fondo alla discesa, contrassegnata da un picchetto rosso.<br>in prossimit\u00e0 del numero civico 23<\/td><td><\/td><\/tr><tr><td><\/td><td>      <strong> Eccezioni nel percorso <\/strong>:<\/td><td><\/td><\/tr><tr><td><\/td><td>Lungo tutto il percorso asfaltato \u00e8 buona in prima battuta solo l&#8217;asfalto; nella strada bianca a fondo ghiaioso,\u00e8 buona anche la cunetta. Nei pressi dell&#8217;incrocio che porta a Cerbara c&#8217;\u00e8 una riga tracciata. Verr\u00e0 usato un palo di legno\u00a0 come riferimento per tracciare\u00a0 la diagonale In questa curva se la prima battuta \u00e8 valida e la boccia scorre sul campo a sx senza\u00a0 rientrare sulla strada dopo la curva, la stessa sar\u00e0 segnata perpendicolarmente\u00a0 alla retta che parte dal punto di lancio Nei pressi dell&#8217;incrocio che porta a Piagge \u00e8 vietata la portata.<\/td><td><\/td><\/tr><tr><td><\/td><td><\/td><td><\/td><\/tr><\/tbody><\/table><\/figure>\n<\/div>\n<\/div>\n\n\n\n<p><\/p>\n","protected":false},"excerpt":{"rendered":"<p>SQUADRA IRONTECH PIAGGE CAT &#8220;A&#8221; 1 FORMICA THOMAS Capitano 2 CINOTTI FEDERICO Vice Capitano 3 MAGI FLAVIA Giudice P. 4 DI MARCO DAVIDE tds &#8221; N &#8220; 5 ALTEA EMANUELE [&hellip;]<\/p>\n","protected":false},"author":2,"featured_media":33081,"parent":0,"menu_order":0,"comment_status":"closed","ping_status":"closed","template":"","meta":{"footnotes":""},"class_list":["post-33076","page","type-page","status-publish","has-post-thumbnail","hentry"],"_links":{"self":[{"href":"https:\/\/bocciasustrada.figest.it\/index.php?rest_route=\/wp\/v2\/pages\/33076","targetHints":{"allow":["GET"]}}],"collection":[{"href":"https:\/\/bocciasustrada.figest.it\/index.php?rest_route=\/wp\/v2\/pages"}],"about":[{"href":"https:\/\/bocciasustrada.figest.it\/index.php?rest_route=\/wp\/v2\/types\/page"}],"author":[{"embeddable":true,"href":"https:\/\/bocciasustrada.figest.it\/index.php?rest_route=\/wp\/v2\/users\/2"}],"replies":[{"embeddable":true,"href":"https:\/\/bocciasustrada.figest.it\/index.php?rest_route=%2Fwp%2Fv2%2Fcomments&post=33076"}],"version-history":[{"count":6,"href":"https:\/\/bocciasustrada.figest.it\/index.php?rest_route=\/wp\/v2\/pages\/33076\/revisions"}],"predecessor-version":[{"id":33083,"href":"https:\/\/bocciasustrada.figest.it\/index.php?rest_route=\/wp\/v2\/pages\/33076\/revisions\/33083"}],"wp:featuredmedia":[{"embeddable":true,"href":"https:\/\/bocciasustrada.figest.it\/index.php?rest_route=\/wp\/v2\/media\/33081"}],"wp:attachment":[{"href":"https:\/\/bocciasustrada.figest.it\/index.php?rest_route=%2Fwp%2Fv2%2Fmedia&parent=33076"}],"curies":[{"name":"wp","href":"https:\/\/api.w.org\/{rel}","templated":true}]}}